{"id":85,"date":"2023-02-22T17:34:21","date_gmt":"2023-02-22T16:34:21","guid":{"rendered":"https:\/\/lerinvest.net\/?page_id=85"},"modified":"2023-05-26T08:49:07","modified_gmt":"2023-05-26T06:49:07","slug":"lerinvest","status":"publish","type":"page","link":"https:\/\/lerinvest.net\/ca\/","title":{"rendered":"Assessorament fiscal i comptable"},"content":{"rendered":"<div data-elementor-type=\"wp-page\" data-elementor-id=\"85\" class=\"elementor elementor-85\" data-elementor-post-type=\"page\">\n\t\t\t\t\t\t<section class=\"elementor-section elementor-top-section elementor-element elementor-element-a9025d7 elementor-section-full_width elementor-section-height-default elementor-section-height-default\" data-id=\"a9025d7\" data-element_type=\"section\" data-e-type=\"section\" data-settings=\"{&quot;jet_parallax_layout_list&quot;:[]}\">\n\t\t\t\t\t\t<div class=\"elementor-container elementor-column-gap-default\">\n\t\t\t\t\t<div class=\"elementor-column elementor-col-100 elementor-top-column elementor-element elementor-element-255e5ac\" data-id=\"255e5ac\" data-element_type=\"column\" data-e-type=\"column\">\n\t\t\t<div class=\"elementor-widget-wrap elementor-element-populated\">\n\t\t\t\t\t\t<div class=\"elementor-element elementor-element-567b267 slider_home elementor--h-position-center elementor--v-position-middle elementor-arrows-position-inside elementor-pagination-position-inside elementor-widget elementor-widget-slides\" data-id=\"567b267\" data-element_type=\"widget\" data-e-type=\"widget\" data-settings=\"{&quot;transition_speed&quot;:1000,&quot;navigation&quot;:&quot;both&quot;,&quot;infinite&quot;:&quot;yes&quot;,&quot;transition&quot;:&quot;slide&quot;}\" data-widget_type=\"slides.default\">\n\t\t\t\t<div class=\"elementor-widget-container\">\n\t\t\t\t\t\t\t\t\t<div class=\"elementor-swiper\">\n\t\t\t\t\t<div class=\"elementor-slides-wrapper elementor-main-swiper swiper\" role=\"region\" aria-roledescription=\"carousel\" aria-label=\"Diapositives\" dir=\"ltr\" data-animation=\"fadeInUp\">\n\t\t\t\t<div class=\"swiper-wrapper elementor-slides\">\n\t\t\t\t\t\t\t\t\t\t<div class=\"elementor-repeater-item-26d5b1a swiper-slide\" role=\"group\" aria-roledescription=\"slide\"><div class=\"swiper-slide-bg elementor-ken-burns elementor-ken-burns--in\" role=\"img\" aria-label=\"Imatge sobre l&#039;assessorament fiscal i comptable\"><\/div><div class=\"elementor-background-overlay\"><\/div><a class=\"swiper-slide-inner\" href=\"http:\/\/google.es\" target=\"_blank\" rel=\"noopener\"><div class=\"swiper-slide-contents\"><div class=\"elementor-slide-heading\">Assessorament fiscal i comptable<\/div><div class=\"elementor-slide-description\">Simplifica els tr\u00e0mits fiscals i comptables amb la nostra assessoria experta. Ens encarreguem de simplificar els teus tr\u00e0mits fiscals i comptables perqu\u00e8 et puguis dedicar al que realment importa: el teu negoci. Amb el nostre equip d&#039;experts, tindreu la tranquil\u00b7litat d&#039;estar en bones mans.<\/div><div  class=\"elementor-button elementor-slide-button elementor-size-sm\">Saber m\u00e9s<\/div><\/div><\/a><\/div><div class=\"elementor-repeater-item-06e9c5a swiper-slide\" role=\"group\" aria-roledescription=\"slide\"><div class=\"swiper-slide-bg elementor-ken-burns elementor-ken-burns--in\" role=\"img\" aria-label=\"Business woman holding icon cloud computing network and icon connection data information in hand. Cloud computing and technology concept\"><\/div><div class=\"elementor-background-overlay\"><\/div><a class=\"swiper-slide-inner\" href=\"http:\/\/google.es\" target=\"_blank\" rel=\"noopener\"><div class=\"swiper-slide-contents\"><div class=\"elementor-slide-heading\">Lerinvest cloud<\/div><div class=\"elementor-slide-description\">T&#039;agradaria tenir acc\u00e9s als documents fiscals i comptables des de qualsevol lloc i en qualsevol moment? Amb el nostre servei d&#039;Assessoria al n\u00favol, \u00e9s possible. T&#039;oferim una plataforma que permet accedir a la teva documentaci\u00f3 des del teu ordinador o m\u00f2bil, sense importar on siguis o l&#039;hora que sigui. <\/div><div  class=\"elementor-button elementor-slide-button elementor-size-sm\">Accedir<\/div><\/div><\/a><\/div>\t\t\t\t<\/div>\n\t\t\t\t\t\t\t\t\t\t\t\t\t\t\t<div class=\"elementor-swiper-button elementor-swiper-button-prev\" role=\"button\" tabindex=\"0\" aria-label=\"Diapositiva anterior\">\n\t\t\t\t\t\t\t<i aria-hidden=\"true\" class=\"eicon-chevron-left\"><\/i>\t\t\t\t\t\t<\/div>\n\t\t\t\t\t\t<div class=\"elementor-swiper-button elementor-swiper-button-next\" role=\"button\" tabindex=\"0\" aria-label=\"La seg\u00fcent diapositiva\">\n\t\t\t\t\t\t\t<i aria-hidden=\"true\" class=\"eicon-chevron-right\"><\/i>\t\t\t\t\t\t<\/div>\n\t\t\t\t\t\t\t\t\t\t\t\t\t\t\t\t<div class=\"swiper-pagination\"><\/div>\n\t\t\t\t\t\t\t\t\t\t\t\t<\/div>\n\t\t\t\t<\/div>\n\t\t\t\t\t\t\t\t<\/div>\n\t\t\t\t<\/div>\n\t\t\t\t\t<\/div>\n\t\t<\/div>\n\t\t\t\t\t<\/div>\n\t\t<\/section>\n\t\t\t\t<section class=\"elementor-section elementor-top-section elementor-element elementor-element-f74fb45 elementor-section-boxed elementor-section-height-default elementor-section-height-default\" data-id=\"f74fb45\" data-element_type=\"section\" data-e-type=\"section\" data-settings=\"{&quot;jet_parallax_layout_list&quot;:[],&quot;background_background&quot;:&quot;classic&quot;}\">\n\t\t\t\t\t\t<div class=\"elementor-container elementor-column-gap-default\">\n\t\t\t\t\t<div class=\"elementor-column elementor-col-50 elementor-top-column elementor-element elementor-element-3bc94a1 animated-slow elementor-invisible\" data-id=\"3bc94a1\" data-element_type=\"column\" data-e-type=\"column\" data-settings=\"{&quot;background_background&quot;:&quot;classic&quot;,&quot;animation&quot;:&quot;fadeInLeft&quot;}\">\n\t\t\t<div class=\"elementor-widget-wrap\">\n\t\t\t\t\t\t\t<\/div>\n\t\t<\/div>\n\t\t\t\t<div class=\"elementor-column elementor-col-50 elementor-top-column elementor-element elementor-element-a9cde6e animated-slow elementor-invisible\" data-id=\"a9cde6e\" data-element_type=\"column\" data-e-type=\"column\" data-settings=\"{&quot;animation&quot;:&quot;fadeInRight&quot;}\">\n\t\t\t<div class=\"elementor-widget-wrap elementor-element-populated\">\n\t\t\t\t\t\t<div class=\"elementor-element elementor-element-0b6753c animated-slow elementor-invisible elementor-widget elementor-widget-text-editor\" data-id=\"0b6753c\" data-element_type=\"widget\" data-e-type=\"widget\" data-settings=\"{&quot;_animation&quot;:&quot;fadeInDown&quot;}\" data-widget_type=\"text-editor.default\">\n\t\t\t\t<div class=\"elementor-widget-container\">\n\t\t\t\t\t\t\t\t\t<p>Lerinvest \u00e9s una empresa familiar que est\u00e0 en funcionament des del 1983 i ha constru\u00eft una reputaci\u00f3 al sector per la seva atenci\u00f3 personalitzada, dedicaci\u00f3 i professionalisme en l&#039;assessorament integral. Sabem que cada client t\u00e9 necessitats \u00faniques, per la qual cosa el nostre enfocament \u00e9s oferir un servei personalitzat per a cadascun.&nbsp;<\/p>\n<p>Des de la primera reuni\u00f3, ens esforcem per comprendre les necessitats espec\u00edfiques de cada client i oferir solucions a mida. En resum, la nostra empresa s&#039;enorgulleix d&#039;oferir una atenci\u00f3 personalitzada que fa que els nostres clients se sentin valorats i apreciats.<\/p>\t\t\t\t\t\t\t\t<\/div>\n\t\t\t\t<\/div>\n\t\t\t\t<section class=\"elementor-section elementor-inner-section elementor-element elementor-element-9ee1cd5 elementor-section-boxed elementor-section-height-default elementor-section-height-default\" data-id=\"9ee1cd5\" data-element_type=\"section\" data-e-type=\"section\" data-settings=\"{&quot;jet_parallax_layout_list&quot;:[]}\">\n\t\t\t\t\t\t<div class=\"elementor-container elementor-column-gap-default\">\n\t\t\t\t\t<div class=\"elementor-column elementor-col-100 elementor-inner-column elementor-element elementor-element-09273be\" data-id=\"09273be\" data-element_type=\"column\" data-e-type=\"column\">\n\t\t\t<div class=\"elementor-widget-wrap elementor-element-populated\">\n\t\t\t\t\t\t<div class=\"elementor-element elementor-element-b3dade9 elementor-invisible elementor-widget elementor-widget-heading\" data-id=\"b3dade9\" data-element_type=\"widget\" data-e-type=\"widget\" data-settings=\"{&quot;_animation&quot;:&quot;fadeInRight&quot;,&quot;_animation_delay&quot;:1000}\" data-widget_type=\"heading.default\">\n\t\t\t\t<div class=\"elementor-widget-container\">\n\t\t\t\t\t<h2 class=\"elementor-heading-title elementor-size-default\">&quot;... atenci\u00f3 personalitzada, dedicaci\u00f3 i professionalisme...&quot;<\/h2>\t\t\t\t<\/div>\n\t\t\t\t<\/div>\n\t\t\t\t\t<\/div>\n\t\t<\/div>\n\t\t\t\t\t<\/div>\n\t\t<\/section>\n\t\t\t\t<div class=\"elementor-element elementor-element-d9104c8 elementor-invisible elementor-widget elementor-widget-text-editor\" data-id=\"d9104c8\" data-element_type=\"widget\" data-e-type=\"widget\" data-settings=\"{&quot;_animation&quot;:&quot;fadeInUp&quot;}\" data-widget_type=\"text-editor.default\">\n\t\t\t\t<div class=\"elementor-widget-container\">\n\t\t\t\t\t\t\t\t\t<p>El nostre objectiu \u00e9s sempre millorar i superar les expectatives dels nostres clients, i aix\u00f2 nom\u00e9s es pot aconseguir mitjan\u00e7ant un comprom\u00eds constant amb l&#039;excel\u00b7l\u00e8ncia en tot all\u00f2 que fem. Com a resultat, tenim una base s\u00f2lida de clients lleials que confien en la nostra capacitat per proporcionar solucions efectives i d&#039;alta qualitat.\u00a0<\/p><p>Ens prenem molt seriosament el nostre comprom\u00eds de millora i aprenentatge continu, cosa que significa que sempre estem buscant maneres de millorar els nostres processos i serveis per satisfer millor les necessitats dels nostres clients.\u00a0<\/p>\t\t\t\t\t\t\t\t<\/div>\n\t\t\t\t<\/div>\n\t\t\t\t\t<\/div>\n\t\t<\/div>\n\t\t\t\t\t<\/div>\n\t\t<\/section>\n\t\t\t\t<section class=\"elementor-section elementor-top-section elementor-element elementor-element-e7f2864 elementor-section-boxed elementor-section-height-default elementor-section-height-default\" data-id=\"e7f2864\" data-element_type=\"section\" data-e-type=\"section\" data-settings=\"{&quot;jet_parallax_layout_list&quot;:[]}\">\n\t\t\t\t\t\t<div class=\"elementor-container elementor-column-gap-extended\">\n\t\t\t\t\t<div class=\"elementor-column elementor-col-33 elementor-top-column elementor-element elementor-element-05831bc\" data-id=\"05831bc\" data-element_type=\"column\" data-e-type=\"column\">\n\t\t\t<div class=\"elementor-widget-wrap elementor-element-populated\">\n\t\t\t\t\t\t<div class=\"elementor-element elementor-element-a1307c8 elementor-position-top elementor-widget elementor-widget-image-box\" data-id=\"a1307c8\" data-element_type=\"widget\" data-e-type=\"widget\" data-widget_type=\"image-box.default\">\n\t\t\t\t<div class=\"elementor-widget-container\">\n\t\t\t\t\t<div class=\"elementor-image-box-wrapper\"><figure class=\"elementor-image-box-img\"><img fetchpriority=\"high\" decoding=\"async\" width=\"512\" height=\"512\" src=\"https:\/\/lerinvest.net\/wp-content\/uploads\/2023\/02\/007-experience.svg\" class=\"attachment-full size-full wp-image-169\" alt=\"Experiencia de m\u00e1s de 40 a\u00f1os\" \/><\/figure><div class=\"elementor-image-box-content\"><h4 class=\"elementor-image-box-title\">+40 anys d&#039;experi\u00e8ncia<\/h4><p class=\"elementor-image-box-description\">Experi\u00e8ncia i aprenentatge dedicats als nostres serveis que ens avalen a acompanyar els nostres clients en el seu creixement.<\/p><\/div><\/div>\t\t\t\t<\/div>\n\t\t\t\t<\/div>\n\t\t\t\t\t<\/div>\n\t\t<\/div>\n\t\t\t\t<div class=\"elementor-column elementor-col-33 elementor-top-column elementor-element elementor-element-ef4d749\" data-id=\"ef4d749\" data-element_type=\"column\" data-e-type=\"column\">\n\t\t\t<div class=\"elementor-widget-wrap elementor-element-populated\">\n\t\t\t\t\t\t<div class=\"elementor-element elementor-element-3be3c4b elementor-position-top elementor-widget elementor-widget-image-box\" data-id=\"3be3c4b\" data-element_type=\"widget\" data-e-type=\"widget\" data-widget_type=\"image-box.default\">\n\t\t\t\t<div class=\"elementor-widget-container\">\n\t\t\t\t\t<div class=\"elementor-image-box-wrapper\"><figure class=\"elementor-image-box-img\"><img decoding=\"async\" width=\"512\" height=\"512\" src=\"https:\/\/lerinvest.net\/wp-content\/uploads\/2023\/02\/pencil-and-ruler.svg\" class=\"attachment-full size-full wp-image-170\" alt=\"Proximidad y trato personalizado con todos nuestros clientes\" \/><\/figure><div class=\"elementor-image-box-content\"><h4 class=\"elementor-image-box-title\">Proximitat i personalitzat<\/h4><p class=\"elementor-image-box-description\">Som especialistes en oferir assessorament financer i inversions personalitzades a les necessitats i perfil del client.<\/p><\/div><\/div>\t\t\t\t<\/div>\n\t\t\t\t<\/div>\n\t\t\t\t\t<\/div>\n\t\t<\/div>\n\t\t\t\t<div class=\"elementor-column elementor-col-33 elementor-top-column elementor-element elementor-element-4d5c68c\" data-id=\"4d5c68c\" data-element_type=\"column\" data-e-type=\"column\">\n\t\t\t<div class=\"elementor-widget-wrap elementor-element-populated\">\n\t\t\t\t\t\t<div class=\"elementor-element elementor-element-e8691a0 elementor-position-top elementor-widget elementor-widget-image-box\" data-id=\"e8691a0\" data-element_type=\"widget\" data-e-type=\"widget\" data-widget_type=\"image-box.default\">\n\t\t\t\t<div class=\"elementor-widget-container\">\n\t\t\t\t\t<div class=\"elementor-image-box-wrapper\"><figure class=\"elementor-image-box-img\"><img decoding=\"async\" width=\"512\" height=\"512\" src=\"https:\/\/lerinvest.net\/wp-content\/uploads\/2023\/02\/security-official.svg\" class=\"attachment-full size-full wp-image-171\" alt=\"Confianza y seguridad en nuestros servicios que son avalados por toda nuestra amplia experiencia.\" \/><\/figure><div class=\"elementor-image-box-content\"><h4 class=\"elementor-image-box-title\">Confian\u00e7a i seguretat<\/h4><p class=\"elementor-image-box-description\">Proporcionem tranquil\u00b7litat i confian\u00e7a als nostres clients gr\u00e0cies a la gran experi\u00e8ncia i coneixements en assessoria.<\/p><\/div><\/div>\t\t\t\t<\/div>\n\t\t\t\t<\/div>\n\t\t\t\t\t<\/div>\n\t\t<\/div>\n\t\t\t\t\t<\/div>\n\t\t<\/section>\n\t\t\t\t<section class=\"elementor-section elementor-top-section elementor-element elementor-element-c7c9c48 elementor-section-boxed elementor-section-height-default elementor-section-height-default\" data-id=\"c7c9c48\" data-element_type=\"section\" data-e-type=\"section\" data-settings=\"{&quot;jet_parallax_layout_list&quot;:[],&quot;background_background&quot;:&quot;classic&quot;}\">\n\t\t\t\t\t\t<div class=\"elementor-container elementor-column-gap-default\">\n\t\t\t\t\t<div class=\"elementor-column elementor-col-100 elementor-top-column elementor-element elementor-element-81a8bc4 elementor-invisible\" data-id=\"81a8bc4\" data-element_type=\"column\" data-e-type=\"column\" data-settings=\"{&quot;animation&quot;:&quot;fadeIn&quot;}\">\n\t\t\t<div class=\"elementor-widget-wrap elementor-element-populated\">\n\t\t\t\t\t\t<div class=\"elementor-element elementor-element-7772b73 elementor-widget elementor-widget-heading\" data-id=\"7772b73\" data-element_type=\"widget\" data-e-type=\"widget\" data-widget_type=\"heading.default\">\n\t\t\t\t<div class=\"elementor-widget-container\">\n\t\t\t\t\t<h2 class=\"elementor-heading-title elementor-size-default\">Els nostres serveis<\/h2>\t\t\t\t<\/div>\n\t\t\t\t<\/div>\n\t\t\t\t<div class=\"elementor-element elementor-element-a98b151 elementor-widget elementor-widget-heading\" data-id=\"a98b151\" data-element_type=\"widget\" data-e-type=\"widget\" data-widget_type=\"heading.default\">\n\t\t\t\t<div class=\"elementor-widget-container\">\n\t\t\t\t\t<h3 class=\"elementor-heading-title elementor-size-default\">Ens impliquem al m\u00e0xim a cadascun dels nostres serveis per garantir l&#039;\u00e8xit!<\/h3>\t\t\t\t<\/div>\n\t\t\t\t<\/div>\n\t\t\t\t\t<\/div>\n\t\t<\/div>\n\t\t\t\t\t<\/div>\n\t\t<\/section>\n\t\t\t\t<section class=\"elementor-section elementor-top-section elementor-element elementor-element-d8f0e58 elementor-section-boxed elementor-section-height-default elementor-section-height-default\" data-id=\"d8f0e58\" data-element_type=\"section\" data-e-type=\"section\" data-settings=\"{&quot;jet_parallax_layout_list&quot;:[],&quot;background_background&quot;:&quot;classic&quot;}\">\n\t\t\t\t\t\t<div class=\"elementor-container elementor-column-gap-default\">\n\t\t\t\t\t<div class=\"elementor-column elementor-col-33 elementor-top-column elementor-element elementor-element-c7a33a7\" data-id=\"c7a33a7\" data-element_type=\"column\" data-e-type=\"column\">\n\t\t\t<div class=\"elementor-widget-wrap elementor-element-populated\">\n\t\t\t\t\t\t<div class=\"elementor-element elementor-element-bcb66f4 elementor-invisible elementor-widget elementor-widget-image\" data-id=\"bcb66f4\" data-element_type=\"widget\" data-e-type=\"widget\" data-settings=\"{&quot;_animation&quot;:&quot;fadeInLeft&quot;}\" data-widget_type=\"image.default\">\n\t\t\t\t<div class=\"elementor-widget-container\">\n\t\t\t\t\t\t\t\t\t\t\t\t\t\t\t<img decoding=\"async\" src=\"https:\/\/lerinvest.net\/wp-content\/uploads\/2023\/02\/Home_Servicios_2.jpg\" title=\"Home_Serveis_2\" alt=\"Servicios ofrecidos por Lerinvest, una clienta aceptando uno de nuestros servicios.\" loading=\"lazy\" \/>\t\t\t\t\t\t\t\t\t\t\t\t\t\t\t<\/div>\n\t\t\t\t<\/div>\n\t\t\t\t\t<\/div>\n\t\t<\/div>\n\t\t\t\t<div class=\"elementor-column elementor-col-33 elementor-top-column elementor-element elementor-element-8e77e1e animated-slow elementor-invisible\" data-id=\"8e77e1e\" data-element_type=\"column\" data-e-type=\"column\" data-settings=\"{&quot;animation&quot;:&quot;fadeInRight&quot;}\">\n\t\t\t<div class=\"elementor-widget-wrap elementor-element-populated\">\n\t\t\t\t\t\t<div class=\"elementor-element elementor-element-3b74261 elementor-position-left elementor-vertical-align-top elementor-widget elementor-widget-image-box\" data-id=\"3b74261\" data-element_type=\"widget\" data-e-type=\"widget\" data-widget_type=\"image-box.default\">\n\t\t\t\t<div class=\"elementor-widget-container\">\n\t\t\t\t\t<div class=\"elementor-image-box-wrapper\"><figure class=\"elementor-image-box-img\"><a href=\"https:\/\/lerinvest.net\/ca\/servicios\/\" tabindex=\"-1\"><img loading=\"lazy\" decoding=\"async\" width=\"512\" height=\"512\" src=\"https:\/\/lerinvest.net\/wp-content\/uploads\/2023\/02\/tax.svg\" class=\"attachment-full size-full wp-image-223\" alt=\"Icono para asesoramiento fiscal y contable e impuestos.\" \/><\/a><\/figure><div class=\"elementor-image-box-content\"><h4 class=\"elementor-image-box-title\"><a href=\"https:\/\/lerinvest.net\/ca\/servicios\/\">Fiscal i Comptable<\/a><\/h4><p class=\"elementor-image-box-description\">Maximitza la teva rendibilitat amb la nostra assessoria fiscal i comptable.<\/p><\/div><\/div>\t\t\t\t<\/div>\n\t\t\t\t<\/div>\n\t\t\t\t<div class=\"elementor-element elementor-element-fb4d7c9 elementor-position-left elementor-vertical-align-top elementor-widget elementor-widget-image-box\" data-id=\"fb4d7c9\" data-element_type=\"widget\" data-e-type=\"widget\" data-widget_type=\"image-box.default\">\n\t\t\t\t<div class=\"elementor-widget-container\">\n\t\t\t\t\t<div class=\"elementor-image-box-wrapper\"><figure class=\"elementor-image-box-img\"><img loading=\"lazy\" decoding=\"async\" width=\"512\" height=\"512\" src=\"https:\/\/lerinvest.net\/wp-content\/uploads\/2023\/02\/employee.svg\" class=\"attachment-full size-full wp-image-226\" alt=\"Icono para el asesoramiento laboral.\" \/><\/figure><div class=\"elementor-image-box-content\"><h4 class=\"elementor-image-box-title\">Laboral<\/h4><p class=\"elementor-image-box-description\">Assegureu l&#039;\u00e8xit de la vostra empresa amb el nostre assessorament laboral personalitzat.<\/p><\/div><\/div>\t\t\t\t<\/div>\n\t\t\t\t<\/div>\n\t\t\t\t<div class=\"elementor-element elementor-element-873b54f elementor-position-left elementor-vertical-align-top elementor-widget elementor-widget-image-box\" data-id=\"873b54f\" data-element_type=\"widget\" data-e-type=\"widget\" data-widget_type=\"image-box.default\">\n\t\t\t\t<div class=\"elementor-widget-container\">\n\t\t\t\t\t<div class=\"elementor-image-box-wrapper\"><figure class=\"elementor-image-box-img\"><img loading=\"lazy\" decoding=\"async\" width=\"512\" height=\"512\" src=\"https:\/\/lerinvest.net\/wp-content\/uploads\/2023\/02\/investment.svg\" class=\"attachment-full size-full wp-image-224\" alt=\"Icono para el asesoramiento de finanzas e inversiones\" \/><\/figure><div class=\"elementor-image-box-content\"><h4 class=\"elementor-image-box-title\">Inversions i Finances<\/h4><p class=\"elementor-image-box-description\">Aprofita tot el potencial de les teves inversions amb el nostre assessorament financer.<\/p><\/div><\/div>\t\t\t\t<\/div>\n\t\t\t\t<\/div>\n\t\t\t\t\t<\/div>\n\t\t<\/div>\n\t\t\t\t<div class=\"elementor-column elementor-col-33 elementor-top-column elementor-element elementor-element-e3b02e4 elementor-invisible\" data-id=\"e3b02e4\" data-element_type=\"column\" data-e-type=\"column\" data-settings=\"{&quot;animation&quot;:&quot;fadeInRight&quot;}\">\n\t\t\t<div class=\"elementor-widget-wrap elementor-element-populated\">\n\t\t\t\t\t\t<div class=\"elementor-element elementor-element-8bba892 elementor-position-left elementor-vertical-align-top elementor-widget elementor-widget-image-box\" data-id=\"8bba892\" data-element_type=\"widget\" data-e-type=\"widget\" data-widget_type=\"image-box.default\">\n\t\t\t\t<div class=\"elementor-widget-container\">\n\t\t\t\t\t<div class=\"elementor-image-box-wrapper\"><figure class=\"elementor-image-box-img\"><img loading=\"lazy\" decoding=\"async\" width=\"512\" height=\"512\" src=\"https:\/\/lerinvest.net\/wp-content\/uploads\/2023\/02\/business.svg\" class=\"attachment-full size-full wp-image-227\" alt=\"Icono para la gestor\u00eda en el que se visualizan los sistemas.\" \/><\/figure><div class=\"elementor-image-box-content\"><h4 class=\"elementor-image-box-title\">Gestoria<\/h4><p class=\"elementor-image-box-description\">Estalvia temps i preocupacions amb el nostre servei de gestoria integral.<\/p><\/div><\/div>\t\t\t\t<\/div>\n\t\t\t\t<\/div>\n\t\t\t\t<div class=\"elementor-element elementor-element-8934263 elementor-position-left elementor-vertical-align-top elementor-widget elementor-widget-image-box\" data-id=\"8934263\" data-element_type=\"widget\" data-e-type=\"widget\" data-widget_type=\"image-box.default\">\n\t\t\t\t<div class=\"elementor-widget-container\">\n\t\t\t\t\t<div class=\"elementor-image-box-wrapper\"><figure class=\"elementor-image-box-img\"><img loading=\"lazy\" decoding=\"async\" width=\"512\" height=\"512\" src=\"https:\/\/lerinvest.net\/wp-content\/uploads\/2023\/02\/inheritance.svg\" class=\"attachment-full size-full wp-image-228\" alt=\"Icono para las herencias y sucesiones en el que se ve dos familiares.\" \/><\/figure><div class=\"elementor-image-box-content\"><h4 class=\"elementor-image-box-title\">Her\u00e8ncies i Successions<\/h4><p class=\"elementor-image-box-description\">Gestionem els tr\u00e0mits per garantir els teus drets i els dels teus \u00e9ssers estimats.<\/p><\/div><\/div>\t\t\t\t<\/div>\n\t\t\t\t<\/div>\n\t\t\t\t<div class=\"elementor-element elementor-element-36db10b elementor-position-left elementor-vertical-align-top elementor-widget elementor-widget-image-box\" data-id=\"36db10b\" data-element_type=\"widget\" data-e-type=\"widget\" data-widget_type=\"image-box.default\">\n\t\t\t\t<div class=\"elementor-widget-container\">\n\t\t\t\t\t<div class=\"elementor-image-box-wrapper\"><figure class=\"elementor-image-box-img\"><img loading=\"lazy\" decoding=\"async\" width=\"512\" height=\"512\" src=\"https:\/\/lerinvest.net\/wp-content\/uploads\/2023\/02\/monitor.svg\" class=\"attachment-full size-full wp-image-229\" alt=\"Icono para el asesoramiento en la nube.\" \/><\/figure><div class=\"elementor-image-box-content\"><h4 class=\"elementor-image-box-title\">Cloud<\/h4><p class=\"elementor-image-box-description\">Gestiona els teus documents en qualsevol moment amb la nostra assessoria al n\u00favol.<\/p><\/div><\/div>\t\t\t\t<\/div>\n\t\t\t\t<\/div>\n\t\t\t\t\t<\/div>\n\t\t<\/div>\n\t\t\t\t\t<\/div>\n\t\t<\/section>\n\t\t\t\t<section class=\"elementor-section elementor-top-section elementor-element elementor-element-6eb3bd7 elementor-section-boxed elementor-section-height-default elementor-section-height-default\" data-id=\"6eb3bd7\" data-element_type=\"section\" data-e-type=\"section\" data-settings=\"{&quot;jet_parallax_layout_list&quot;:[],&quot;background_background&quot;:&quot;classic&quot;}\">\n\t\t\t\t\t\t<div class=\"elementor-container elementor-column-gap-default\">\n\t\t\t\t\t<div class=\"elementor-column elementor-col-100 elementor-top-column elementor-element elementor-element-7c5bfa7\" data-id=\"7c5bfa7\" data-element_type=\"column\" data-e-type=\"column\">\n\t\t\t<div class=\"elementor-widget-wrap elementor-element-populated\">\n\t\t\t\t\t\t<div class=\"elementor-element elementor-element-d6244af elementor-align-right elementor-tablet-align-center elementor-invisible elementor-widget elementor-widget-button\" data-id=\"d6244af\" data-element_type=\"widget\" data-e-type=\"widget\" data-settings=\"{&quot;_animation&quot;:&quot;fadeIn&quot;,&quot;_animation_delay&quot;:2000}\" data-widget_type=\"button.default\">\n\t\t\t\t<div class=\"elementor-widget-container\">\n\t\t\t\t\t\t\t\t\t<div class=\"elementor-button-wrapper\">\n\t\t\t\t\t<a class=\"elementor-button elementor-button-link elementor-size-sm\" href=\"#\">\n\t\t\t\t\t\t<span class=\"elementor-button-content-wrapper\">\n\t\t\t\t\t\t\t\t\t<span class=\"elementor-button-text\">M\u00c9S INFORMACI\u00d3<\/span>\n\t\t\t\t\t<\/span>\n\t\t\t\t\t<\/a>\n\t\t\t\t<\/div>\n\t\t\t\t\t\t\t\t<\/div>\n\t\t\t\t<\/div>\n\t\t\t\t\t<\/div>\n\t\t<\/div>\n\t\t\t\t\t<\/div>\n\t\t<\/section>\n\t\t\t\t<\/div>","protected":false},"excerpt":{"rendered":"<p>Asesoramiento fiscal y contableSimplifica tus tr\u00e1mites fiscales y contables con nuestra asesor\u00eda experta. Nos encargamos de simplificar tus tr\u00e1mites fiscales y contables para que puedas dedicarte a lo que realmente importa: tu negocio. Con nuestro equipo de expertos, tendr\u00e1s la tranquilidad de estar en buenas manos.Saber m\u00e1sLerinvest cloud\u00bfTe gustar\u00eda tener acceso a tus documentos fiscales [&hellip;]<\/p>\n","protected":false},"author":2,"featured_media":0,"parent":0,"menu_order":0,"comment_status":"closed","ping_status":"closed","template":"elementor_header_footer","meta":{"_joinchat":[],"footnotes":""},"class_list":["post-85","page","type-page","status-publish","hentry"],"_links":{"self":[{"href":"https:\/\/lerinvest.net\/ca\/wp-json\/wp\/v2\/pages\/85","targetHints":{"allow":["GET"]}}],"collection":[{"href":"https:\/\/lerinvest.net\/ca\/wp-json\/wp\/v2\/pages"}],"about":[{"href":"https:\/\/lerinvest.net\/ca\/wp-json\/wp\/v2\/types\/page"}],"author":[{"embeddable":true,"href":"https:\/\/lerinvest.net\/ca\/wp-json\/wp\/v2\/users\/2"}],"replies":[{"embeddable":true,"href":"https:\/\/lerinvest.net\/ca\/wp-json\/wp\/v2\/comments?post=85"}],"version-history":[{"count":166,"href":"https:\/\/lerinvest.net\/ca\/wp-json\/wp\/v2\/pages\/85\/revisions"}],"predecessor-version":[{"id":524,"href":"https:\/\/lerinvest.net\/ca\/wp-json\/wp\/v2\/pages\/85\/revisions\/524"}],"wp:attachment":[{"href":"https:\/\/lerinvest.net\/ca\/wp-json\/wp\/v2\/media?parent=85"}],"curies":[{"name":"wp","href":"https:\/\/api.w.org\/{rel}","templated":true}]}}