{"id":537,"date":"2023-05-26T12:31:22","date_gmt":"2023-05-26T10:31:22","guid":{"rendered":"https:\/\/lerinvest.net\/?page_id=537"},"modified":"2023-05-26T12:32:27","modified_gmt":"2023-05-26T10:32:27","slug":"politica-de-cookies","status":"publish","type":"page","link":"https:\/\/lerinvest.net\/ca\/politica-de-cookies\/","title":{"rendered":"Pol\u00edtica de Cookies"},"content":{"rendered":"<h4 class=\"wp-block-heading\" id=\"informaci\u00f3n-sobre-nuestro-uso-de-cookies\">Informaci\u00f3 sobre el nostre \u00fas de galetes.<\/h4>\n\n\n\n<p>Aquest lloc web lerinvest.net utilitza galetes per proporcionar als usuaris una bona experi\u00e8ncia quan naveguen pel nostre lloc web i tamb\u00e9 ens permet millorar el nostre lloc.<\/p>\n\n\n\n<h4 class=\"wp-block-heading\" id=\"\u00bfqu\u00e9-es-una-cookie\">Qu\u00e8 \u00e9s una galeta?<\/h4>\n\n\n\n<p>Una galeta \u00e9s un petit arxiu de lletres i n\u00fameros que emmagatzemem al navegador de l&#039;usuari o al disc dur de l&#039;ordinador si estan d&#039;acord. Les galetes contenen informaci\u00f3 que es transfereix al disc dur de l&#039;ordinador de l&#039;usuari.<\/p>\n\n\n\n<h4 class=\"wp-block-heading\" id=\"clasificaci\u00f3n-de-cookies-e-informaci\u00f3n-de-su-uso\">Classificaci\u00f3 de galetes i informaci\u00f3 del seu \u00fas.<\/h4>\n\n\n\n<p>Realitzem an\u00e0lisis de cookies al nostre lloc web de forma regular i mantenim la nostra llista de cookies actualitzada. Classifiquem les galetes en quatre categories:<\/p>\n\n\n\n<ul class=\"wp-block-list\">\n<li><strong>Cookies necess\u00e0ries:<\/strong>&nbsp;S\u00f3n galetes necess\u00e0ries per al funcionament del nostre lloc web. Inclouen, per exemple, galetes que permeten als visitants del lloc web iniciar sessi\u00f3 en \u00e0rees segures del nostre lloc web.\n<ul class=\"wp-block-list\">\n<li><em>YSC<\/em>&nbsp;: Registrar-se a un \u00fanic ID per a keep statistics of what videos from YouTube the user has seen.<\/li>\n\n\n\n<li><em>DEVICE_INFO<\/em>&nbsp;: undefined<\/li>\n\n\n\n<li><em>pys_landing_page<\/em>&nbsp;: undefined<\/li>\n\n\n\n<li>_<em>wpfuuid<\/em>&nbsp;: undefined<\/li>\n<\/ul>\n<\/li>\n\n\n\n<li><strong>Cookies anal\u00edtiques:<\/strong>&nbsp;Ens permeten recon\u00e8ixer i comptar el nombre de visitants i veure com els visitants es mouen pel nostre lloc web quan lutilitzen. Aix\u00f2 ens ajuda a millorar la manera com funciona el nostre lloc web, per exemple, en garantir que els usuaris trobin el que busquen f\u00e0cilment.\n<ul class=\"wp-block-list\">\n<li>_<em>ga_HW10S0VT7V<\/em>&nbsp;: ID used to identify users<\/li>\n\n\n\n<li>_<em>ga<\/em>&nbsp;: ID used to identify users<\/li>\n<\/ul>\n<\/li>\n\n\n\n<li><strong>Cookies de prefer\u00e8ncies:<\/strong>&nbsp;S&#039;utilitzen per recon\u00e8ixer els usuaris quan tornen al nostre lloc web. Aix\u00f2 ens permet personalitzar el nostre contingut per a ells i recordar les vostres prefer\u00e8ncies (per exemple, la vostra elecci\u00f3 d&#039;idioma o regi\u00f3).<\/li>\n\n\n\n<li><strong>Galetes de m\u00e0rqueting:<\/strong>&nbsp;Aquestes galetes registren les visites dels usuaris al nostre lloc web, les p\u00e0gines que han visitat i els enlla\u00e7os que han seguit. Farem servir aquesta informaci\u00f3 per fer que el nostre lloc web i la publicitat que s&#039;hi mostra siguin m\u00e9s rellevants per als interessos dels visitants del nostre lloc web.\n<ul class=\"wp-block-list\">\n<li><em>VISITOR_INFO1_LIVE<\/em>&nbsp;: Tries per estimar els usuaris&#039; bandwidth on pages with integrated YouTube v\u00eddeos.<\/li>\n\n\n\n<li>_<em>fbp<\/em>&nbsp;: Used by Facebook to deliver a s\u00e8ries of advertisement products suxes real time bidding from third party advertisers<\/li>\n<\/ul>\n<\/li>\n<\/ul>\n\n\n\n<p>Depenent de la ubicaci\u00f3 de l&#039;usuari, aquest podr\u00e0 optar per no participar a cada categoria de cookies (excepte les cookies necess\u00e0ries) fent clic a \u201cConfigurar cookies\u201d al banner de cookies del nostre lloc web.<\/p>","protected":false},"excerpt":{"rendered":"<p>Informaci\u00f3n sobre nuestro uso de cookies. Este sitio web lerinvest.net utiliza cookies para proporcionar a los usuarios una buena experiencia cuando navegan por nuestro sitio web y tambi\u00e9n nos permite mejorar nuestro sitio. \u00bfQu\u00e9 es una cookie? Una cookie es un peque\u00f1o archivo de letras y n\u00fameros que almacenamos en el navegador del usuario o [&hellip;]<\/p>\n","protected":false},"author":2,"featured_media":0,"parent":0,"menu_order":0,"comment_status":"closed","ping_status":"closed","template":"","meta":{"_joinchat":[],"footnotes":""},"class_list":["post-537","page","type-page","status-publish","hentry"],"_links":{"self":[{"href":"https:\/\/lerinvest.net\/ca\/wp-json\/wp\/v2\/pages\/537","targetHints":{"allow":["GET"]}}],"collection":[{"href":"https:\/\/lerinvest.net\/ca\/wp-json\/wp\/v2\/pages"}],"about":[{"href":"https:\/\/lerinvest.net\/ca\/wp-json\/wp\/v2\/types\/page"}],"author":[{"embeddable":true,"href":"https:\/\/lerinvest.net\/ca\/wp-json\/wp\/v2\/users\/2"}],"replies":[{"embeddable":true,"href":"https:\/\/lerinvest.net\/ca\/wp-json\/wp\/v2\/comments?post=537"}],"version-history":[{"count":2,"href":"https:\/\/lerinvest.net\/ca\/wp-json\/wp\/v2\/pages\/537\/revisions"}],"predecessor-version":[{"id":539,"href":"https:\/\/lerinvest.net\/ca\/wp-json\/wp\/v2\/pages\/537\/revisions\/539"}],"wp:attachment":[{"href":"https:\/\/lerinvest.net\/ca\/wp-json\/wp\/v2\/media?parent=537"}],"curies":[{"name":"wp","href":"https:\/\/api.w.org\/{rel}","templated":true}]}}