{"id":432,"date":"2023-03-14T14:02:01","date_gmt":"2023-03-14T13:02:01","guid":{"rendered":"https:\/\/lerinvest.net\/?page_id=432"},"modified":"2024-08-20T09:18:22","modified_gmt":"2024-08-20T07:18:22","slug":"asesoria-cloud","status":"publish","type":"page","link":"https:\/\/lerinvest.net\/ca\/asesoria-cloud\/","title":{"rendered":"Assessoria cloud"},"content":{"rendered":"<div data-elementor-type=\"wp-page\" data-elementor-id=\"432\" class=\"elementor elementor-432\" data-elementor-post-type=\"page\">\n\t\t\t\t\t\t<section class=\"elementor-section elementor-top-section elementor-element elementor-element-d8b8248 elementor-section-boxed elementor-section-height-default elementor-section-height-default\" data-id=\"d8b8248\" data-element_type=\"section\" data-e-type=\"section\" data-settings=\"{&quot;jet_parallax_layout_list&quot;:[]}\">\n\t\t\t\t\t\t<div class=\"elementor-container elementor-column-gap-default\">\n\t\t\t\t\t<div class=\"elementor-column elementor-col-50 elementor-top-column elementor-element elementor-element-d5a8a4d\" data-id=\"d5a8a4d\" data-element_type=\"column\" data-e-type=\"column\" data-settings=\"{&quot;background_background&quot;:&quot;classic&quot;}\">\n\t\t\t<div class=\"elementor-widget-wrap elementor-element-populated\">\n\t\t\t\t\t\t<div class=\"elementor-element elementor-element-4e11b2f elementor-widget elementor-widget-heading\" data-id=\"4e11b2f\" data-element_type=\"widget\" data-e-type=\"widget\" data-widget_type=\"heading.default\">\n\t\t\t\t<div class=\"elementor-widget-container\">\n\t\t\t\t\t<h1 class=\"elementor-heading-title elementor-size-default\">Assessoria Cloud<\/h1>\t\t\t\t<\/div>\n\t\t\t\t<\/div>\n\t\t\t\t<div class=\"elementor-element elementor-element-47154bb elementor-widget elementor-widget-spacer\" data-id=\"47154bb\" data-element_type=\"widget\" data-e-type=\"widget\" data-widget_type=\"spacer.default\">\n\t\t\t\t<div class=\"elementor-widget-container\">\n\t\t\t\t\t\t\t<div class=\"elementor-spacer\">\n\t\t\t<div class=\"elementor-spacer-inner\"><\/div>\n\t\t<\/div>\n\t\t\t\t\t\t<\/div>\n\t\t\t\t<\/div>\n\t\t\t\t<div class=\"elementor-element elementor-element-bc448d6 elementor-widget elementor-widget-text-editor\" data-id=\"bc448d6\" data-element_type=\"widget\" data-e-type=\"widget\" data-widget_type=\"text-editor.default\">\n\t\t\t\t<div class=\"elementor-widget-container\">\n\t\t\t\t\t\t\t\t\t<p>Actualment, l&#039;assessoria al n\u00favol s&#039;ha convertit en una eina fonamental per a qualsevol empresa. Amb el nostre <a href=\"https:\/\/lerinvest.net\/ca\/servicios\/\">servei<\/a> d&#039;Assessoria Cloud, podr\u00e0s tenir acc\u00e9s a tota la documentaci\u00f3 rellevant de la teva empresa de forma r\u00e0pida, senzilla i segura, des de qualsevol lloc i en qualsevol moment.<\/p><p>A m\u00e9s, el nostre servei de gesti\u00f3 documental et permetr\u00e0 tenir sota control tot all\u00f2 relacionat amb la teva empresa, des d&#039;escriptures i models fiscals fins a liquidacions, inspeccions i notificacions. Fins i tot podr\u00e0s gestionar tota la documentaci\u00f3 de facturaci\u00f3 de la teva empresa de manera eficient i automatitzada.<\/p><p>Amb el nostre servei d&#039;Assessoria al N\u00favol, podr\u00e0s oblidar-te de les tedioses tasques administratives i dedicar-te al que realment importa: fer cr\u00e9ixer el teu negoci. Qu\u00e8 esperes per provar-ho?<\/p>\t\t\t\t\t\t\t\t<\/div>\n\t\t\t\t<\/div>\n\t\t\t\t<div class=\"elementor-element elementor-element-b29b967 elementor-align-right elementor-tablet-align-center elementor-widget__width-auto elementor-invisible elementor-widget elementor-widget-button\" data-id=\"b29b967\" data-element_type=\"widget\" data-e-type=\"widget\" data-settings=\"{&quot;_animation&quot;:&quot;fadeIn&quot;,&quot;_animation_delay&quot;:2000}\" data-widget_type=\"button.default\">\n\t\t\t\t<div class=\"elementor-widget-container\">\n\t\t\t\t\t\t\t\t\t<div class=\"elementor-button-wrapper\">\n\t\t\t\t\t<a class=\"elementor-button elementor-button-link elementor-size-sm\" href=\"https:\/\/extranet.lerinvest.net\/\">\n\t\t\t\t\t\t<span class=\"elementor-button-content-wrapper\">\n\t\t\t\t\t\t\t\t\t<span class=\"elementor-button-text\">INICIAR SESSI\u00d3<\/span>\n\t\t\t\t\t<\/span>\n\t\t\t\t\t<\/a>\n\t\t\t\t<\/div>\n\t\t\t\t\t\t\t\t<\/div>\n\t\t\t\t<\/div>\n\t\t\t\t\t<\/div>\n\t\t<\/div>\n\t\t\t\t<div class=\"elementor-column elementor-col-50 elementor-top-column elementor-element elementor-element-5875aae\" data-id=\"5875aae\" data-element_type=\"column\" data-e-type=\"column\">\n\t\t\t<div class=\"elementor-widget-wrap elementor-element-populated\">\n\t\t\t\t\t\t<div class=\"elementor-element elementor-element-6ac2413 elementor-widget elementor-widget-image\" data-id=\"6ac2413\" data-element_type=\"widget\" data-e-type=\"widget\" data-widget_type=\"image.default\">\n\t\t\t\t<div class=\"elementor-widget-container\">\n\t\t\t\t\t\t\t\t\t\t\t\t\t\t\t<img fetchpriority=\"high\" decoding=\"async\" width=\"600\" height=\"583\" src=\"https:\/\/lerinvest.net\/wp-content\/uploads\/2023\/03\/CloudLerinvest.png\" class=\"attachment-full size-full wp-image-434\" alt=\"asesor\u00eda cloud\" srcset=\"https:\/\/lerinvest.net\/wp-content\/uploads\/2023\/03\/CloudLerinvest.png 600w, https:\/\/lerinvest.net\/wp-content\/uploads\/2023\/03\/CloudLerinvest-300x292.png 300w\" sizes=\"(max-width: 600px) 100vw, 600px\" \/>\t\t\t\t\t\t\t\t\t\t\t\t\t\t\t<\/div>\n\t\t\t\t<\/div>\n\t\t\t\t<div class=\"elementor-element elementor-element-a918267 elementor-align-right elementor-tablet-align-center elementor-invisible elementor-widget elementor-widget-button\" data-id=\"a918267\" data-element_type=\"widget\" data-e-type=\"widget\" data-settings=\"{&quot;_animation&quot;:&quot;fadeIn&quot;,&quot;_animation_delay&quot;:2000}\" data-widget_type=\"button.default\">\n\t\t\t\t<div class=\"elementor-widget-container\">\n\t\t\t\t\t\t\t\t\t<div class=\"elementor-button-wrapper\">\n\t\t\t\t\t<a class=\"elementor-button elementor-button-link elementor-size-sm\" href=\"#\">\n\t\t\t\t\t\t<span class=\"elementor-button-content-wrapper\">\n\t\t\t\t\t\t\t\t\t<span class=\"elementor-button-text\">M\u00c9S INFORMACI\u00d3<\/span>\n\t\t\t\t\t<\/span>\n\t\t\t\t\t<\/a>\n\t\t\t\t<\/div>\n\t\t\t\t\t\t\t\t<\/div>\n\t\t\t\t<\/div>\n\t\t\t\t\t<\/div>\n\t\t<\/div>\n\t\t\t\t\t<\/div>\n\t\t<\/section>\n\t\t\t\t<\/div>","protected":false},"excerpt":{"rendered":"<p>Asesor\u00eda Cloud En la actualidad, la asesor\u00eda en la nube se ha convertido en una herramienta fundamental para cualquier empresa. Con nuestro servicio de Asesor\u00eda Cloud, podr\u00e1s tener acceso a toda la documentaci\u00f3n relevante de tu empresa de forma r\u00e1pida, sencilla y segura, desde cualquier lugar y en cualquier momento. Adem\u00e1s, nuestro servicio de gesti\u00f3n [&hellip;]<\/p>\n","protected":false},"author":2,"featured_media":0,"parent":0,"menu_order":0,"comment_status":"closed","ping_status":"closed","template":"elementor_header_footer","meta":{"_joinchat":[],"footnotes":""},"class_list":["post-432","page","type-page","status-publish","hentry"],"_links":{"self":[{"href":"https:\/\/lerinvest.net\/ca\/wp-json\/wp\/v2\/pages\/432","targetHints":{"allow":["GET"]}}],"collection":[{"href":"https:\/\/lerinvest.net\/ca\/wp-json\/wp\/v2\/pages"}],"about":[{"href":"https:\/\/lerinvest.net\/ca\/wp-json\/wp\/v2\/types\/page"}],"author":[{"embeddable":true,"href":"https:\/\/lerinvest.net\/ca\/wp-json\/wp\/v2\/users\/2"}],"replies":[{"embeddable":true,"href":"https:\/\/lerinvest.net\/ca\/wp-json\/wp\/v2\/comments?post=432"}],"version-history":[{"count":19,"href":"https:\/\/lerinvest.net\/ca\/wp-json\/wp\/v2\/pages\/432\/revisions"}],"predecessor-version":[{"id":572,"href":"https:\/\/lerinvest.net\/ca\/wp-json\/wp\/v2\/pages\/432\/revisions\/572"}],"wp:attachment":[{"href":"https:\/\/lerinvest.net\/ca\/wp-json\/wp\/v2\/media?parent=432"}],"curies":[{"name":"wp","href":"https:\/\/api.w.org\/{rel}","templated":true}]}}