{"id":3,"date":"2023-02-20T10:49:41","date_gmt":"2023-02-20T10:49:41","guid":{"rendered":"https:\/\/lerinvest.net\/?page_id=3"},"modified":"2023-05-26T12:25:11","modified_gmt":"2023-05-26T10:25:11","slug":"politica-privacidad","status":"publish","type":"page","link":"https:\/\/lerinvest.net\/ca\/politica-privacidad\/","title":{"rendered":"Pol\u00edtica de privadesa"},"content":{"rendered":"<h2 class=\"wp-block-heading\">Objecte<\/h2>\n\n\n\n<p>Aquesta pol\u00edtica s&#039;aplica a tot tractament de dades personals que faci LERINVEST-INSURANCE SL, i t\u00e9 l&#039;objectiu d&#039;informar l&#039;usuari respecte de la manera com LERINVEST-INSURANCE SL realitza el tractament de les dades personals (incloent-hi detall del tipus de dades personals demanats i la finalitat del tractament) i respecte dels drets de l&#039;usuari en relaci\u00f3 amb les seves dades personals.<\/p>\n\n\n\n<h2 class=\"wp-block-heading\">Contacte \u2013 Com puc contactar-me?<\/h2>\n\n\n\n<p>En cas de tenir alguna consulta sobre la Pol\u00edtica de Privadesa, l&#039;usuari pot contactar amb LERINVEST-INSURANCE SL a trav\u00e9s dels seg\u00fcents mitjans:<\/p>\n\n\n\n<ul class=\"wp-block-list\">\n<li>La seu es troba a: Carrer del Bisbe Ruano, 10 25006 \u2013 Lleida<\/li>\n\n\n\n<li>El tel\u00e8fon de contacte \u00e9s:- El tel\u00e8fon de contacte \u00e9s: +34 973 264 222<\/li>\n<\/ul>\n\n\n\n<p>L&#039;usuari podr\u00e0 establir una comunicaci\u00f3 directa i efectiva amb LERINVEST-INSURANCE SL mitjan\u00e7ant comunicaci\u00f3 escrita remesa a qualsevol dels domicilis indicats o tamb\u00e9 dirigint un correu electr\u00f2nic a l&#039;adre\u00e7a: info@lerinvest.net<br>Aix\u00ed mateix, es deixen les dades del Responsable del Tractament de les Dades Personals:<\/p>\n\n\n\n<ul class=\"wp-block-list\">\n<li>Nom comercial: LERINVEST-INSURANCE SL<\/li>\n\n\n\n<li>Identitat del Responsable: LERINVEST-INSURANCE SL<\/li>\n\n\n\n<li>Adre\u00e7a: Carrer del Bisbe Ruano, 10 25006 \u2013 Lleida<\/li>\n\n\n\n<li>Correu electr\u00f2nic: info@lerinvest.net<\/li>\n<\/ul>\n\n\n\n<h2 class=\"wp-block-heading\">Identificaci\u00f3 de tractaments \u2013 Com recollim les dades personals?<\/h2>\n\n\n\n<p>En compliment de la normativa vigent en mat\u00e8ria de protecci\u00f3 de dades de car\u00e0cter personal, especialment,<\/p>\n\n\n\n<ul class=\"wp-block-list\">\n<li>El Reglament (UE) 2016\/679 del Parlament Europeu i del Consell de data 27 d&#039;abril de 2016 relatiu a la protecci\u00f3 de les persones f\u00edsiques pel que fa al tractament de dades personals ia la lliure circulaci\u00f3 d&#039;aquestes dades (d&#039;ara endavant, el \u201cRGPD\u201d),<\/li>\n<\/ul>\n\n\n\n<p>LERINVEST-INSURANCE SL recol\u00b7lecta les dades personals en poder seu quan l&#039;usuari:<\/p>\n\n\n\n<ul class=\"wp-block-list\">\n<li>(i). completa els formularis de https:\/\/lerinvest.net\/ (\u201cLloc\u201d);<\/li>\n\n\n\n<li>(ii). se subscriu al butllet\u00ed de not\u00edcies (newsletter),<\/li>\n\n\n\n<li>(iii). respon a una enquesta o completa un formulari web;<\/li>\n\n\n\n<li>(iv). completa un formulari impr\u00e8s;<\/li>\n\n\n\n<li>(v). envia email o es comunica de forma telef\u00f2nica, els que despr\u00e9s s\u00f3n carregats als formularis corresponents;<\/li>\n<\/ul>\n\n\n\n<h2 class=\"wp-block-heading\">Dades Personals Recollides \u2013 Quines dades personals recollim?<\/h2>\n\n\n\n<p>LERINVEST-INSURANCE SL recull informaci\u00f3 quan visiten la seva p\u00e0gina web, i especialment en completar els formularis de registre.<\/p>\n\n\n\n<p>Les dades seg\u00fcents s\u00f3n les que es recol\u00b7lecten: nom complet i adre\u00e7a de correu electr\u00f2nic<\/p>\n\n\n\n<p>Per regla general, quan per utilitzar un servei o accedir a cert contingut se sol\u00b7liciti alguna dada personal, el lliurament del mateix no ser\u00e0 obligatori, a excepci\u00f3 dels casos on espec\u00edficament s&#039;indiqu\u00e9s que \u00e9s una dada requerida per a la prestaci\u00f3 del servei, en el qual cas lusuari podr\u00e0 optar lliurement per no registrar-se i\/o no contractar els serveis.<\/p>\n\n\n\n<p>L&#039;usuari declara i garanteix que totes les dades facilitades per ell s\u00f3n certes i correctes, i es compromet a mantenir-les actualitzades. Els canvis poden ser comunicats al Delegat de Protecci\u00f3 de Dades oa la direcci\u00f3 que s&#039;indica a la Secci\u00f3 2 del present.<\/p>\n\n\n\n<p>Aix\u00ed mateix, l&#039;usuari reconeix que les dades requerides per LERINVEST-INSURANCE SL s\u00f3n necess\u00e0ries, adequades i no excessives per realitzar les finalitats expressades a la Secci\u00f3 5 del present, les que serien de compliment impossible si aquestes dades no s\u00f3n aportades.<\/p>\n\n\n\n<p>Qualsevol manifestaci\u00f3 falsa o inexacta que es produeixi com a conseq\u00fc\u00e8ncia de les informacions i les dades manifestades aix\u00ed com els perjudicis que aquesta informaci\u00f3 pogu\u00e9s causar ser\u00e0 responsabilitat de l&#039;usuari.<\/p>\n\n\n\n<h2 class=\"wp-block-heading\">Finalitat \u2013 Per qu\u00e8 utilitzem les dades personals?<\/h2>\n\n\n\n<p>Les dades personals requerides a l&#039;usuari seran utilitzades amb les finalitats seg\u00fcents:<\/p>\n\n\n\n<ul class=\"wp-block-list\">\n<li>En cas de contractaci\u00f3 de serveis oferts a trav\u00e9s del Lloc, per crear i mantenir la relaci\u00f3 comercial i per realitzar les activitats i prestar els serveis propis de LERINVEST-INSURANCE SL (incloent, sense limitaci\u00f3, la gesti\u00f3, administraci\u00f3, prestaci\u00f3 i millora dels serveis).<\/li>\n\n\n\n<li>Enviar butlletins de not\u00edcies (newsletter), aix\u00ed com comunicacions comercials, promocions i\/o publicitats de LERINVEST-INSURANCE SL, ja sigui de manera ocasional o peri\u00f2dica. En aquest sentit, l&#039;adre\u00e7a de correu electr\u00f2nic que l&#039;usuari facilita en completar el formulari del Lloc podr\u00e0 ser utilitzada per enviar-vos informaci\u00f3 i actualitzacions sobre el requeriment de serveis, a m\u00e9s de not\u00edcies sobre LERINVEST-INSURANCE SL (ja sigui de manera ocasional o peri\u00f2dica) , actualitzacions, informaci\u00f3 sobre productes o serveis relacionats, entre d&#039;altres. Aquest tractament est\u00e0 basat en el nostre leg\u00edtim inter\u00e8s en la promoci\u00f3 dels nostres productes i serveis.<\/li>\n\n\n\n<li>Realitzar una enquesta o administrar un concurs.<\/li>\n\n\n\n<li>Personalitzar lexperi\u00e8ncia de lusuari, augmentant la nostra capacitat de respondre a les necessitats del mateix.<\/li>\n\n\n\n<li>Millorar el Lloc i l&#039;oferta de serveis de LERINVEST-INSURANCE SL, basat en el leg\u00edtim inter\u00e8s de LERINVEST-INSURANCE SL a millorar constantment els seus productes i serveis.<\/li>\n\n\n\n<li>Processar transaccions i complir amb les obligacions legals a qu\u00e8 LERINVEST-INSURANCE SL es trobe subjecte, com per exemple, obligacions de car\u00e0cter tributari. Les dades objecte de tractament no seran utilitzades per a finalitats diferents o incompatibles amb les abans esmentades i que en van motivar l&#039;obtenci\u00f3. Sense perjudici de l&#039;anterior, es deixa const\u00e0ncia que les dades registrades podran ser utilitzades, a m\u00e9s de per a les finalitats per a les quals hagin estat demanades expressament, amb la finalitat d&#039;efectuar estad\u00edstiques, la gesti\u00f3 d&#039;incid\u00e8ncies o la realitzaci\u00f3 d&#039;estudis de mercat. No obstant aix\u00f2, en cas que les dades personals siguin tractades per a una finalitat diferent de l&#039;especificada inicialment en recol\u00b7lectar aquestes dades, una an\u00e0lisi de compatibilitat ser\u00e0 realitzada per LERINVEST-INSURANCE SL de conformitat amb la normativa aplicable. El tractament nom\u00e9s estar\u00e0 autoritzat si la finalitat original \u00e9s compatible amb la nova finalitat o permesa de conformitat amb una base legal independent. En aquests casos l&#039;usuari ser\u00e0 informat dels canvis de finalitat o justificaci\u00f3 legal del tractament de les vostres dades.<br>Us recordem a l&#039;usuari que podeu oposar-vos a l&#039;enviament de comunicacions comercials (donar-vos de baixa) i deixar de rebre els correus electr\u00f2nics de LERINVEST-INSURANCE SL, notificant de manera fefaent a LERINVEST-INSURANCE SL, qui procedir\u00e0 a la interrupci\u00f3 en el menor temps possible de rebuda aquesta comunicaci\u00f3. A aquest efecte, podeu remetre un correu electr\u00f2nic a l&#039;adre\u00e7a que s&#039;indica a la Secci\u00f3 2, un correu postal dirigit a l&#039;adre\u00e7a indicada a la Secci\u00f3 2 de la present, o directament seguir les instruccions de baixa detallades al final de cada correu electr\u00f2nic de LERINVEST-INSURANCE SL.<\/li>\n<\/ul>\n\n\n\n<h2 class=\"wp-block-heading\">Com utilitzem la vostra informaci\u00f3?<\/h2>\n\n\n\n<p>Farem servir la informaci\u00f3 que recopilem sobre vost\u00e8 per als seg\u00fcents prop\u00f2sits:<\/p>\n\n\n\n<ul class=\"wp-block-list\">\n<li>Recull de comentaris de clients<\/li>\n<\/ul>\n\n\n\n<p>Si volem utilitzar la vostra informaci\u00f3 per a qualsevol altre prop\u00f2sit, us demanarem el vostre consentiment i farem servir la vostra informaci\u00f3 nom\u00e9s en rebre el vostre consentiment i despr\u00e9s, nom\u00e9s per als fins per als quals atorgueu el consentiment, llevat que se&#039;ns sol\u00b7liciti el contrari per llei.<\/p>\n\n\n\n<p>Conservarem la vostra informaci\u00f3 personal amb nosaltres durant 12 mesos despr\u00e9s que els comptes d&#039;usuari romanguin inactius o durant el temps que la necessitem per complir els fins per als quals es va recopilar, com es detalla en aquesta Pol\u00edtica de privadesa.<\/p>\n\n\n\n<h2 class=\"wp-block-heading\">Consentiment<\/h2>\n\n\n\n<p>En facilitar les dades de car\u00e0cter personal a LERINVEST-INSURANCE SL, l&#039;usuari declara acceptar plenament i sense reserves el tractament per part de LERINVEST-INSURANCE SL. L&#039;usuari atorga pel present el seu consentiment lliure, expr\u00e9s i informat perqu\u00e8 LERINVEST-INSURANCE SL utilitzi les dades recollides amb les finalitats indicades a la Secci\u00f3 5 del present, aix\u00ed com la seva incorporaci\u00f3 a una base de dades de LERINVEST-INSURANCE SL .<\/p>\n\n\n\n<p>LERINVEST-INSURANCE SL realitza el tractament de les dades de l&#039;usuari legitimat a: (i) la contractaci\u00f3 dels serveis de LERINVEST-INSURANCE SL per l&#039;usuari, de conformitat amb els termes i condicions que es posen a disposici\u00f3 de l&#039;usuari en finalitzar de completar el formulari de sol\u00b7licitud de serveis (en forma pr\u00e8via a una eventual contractaci\u00f3) i que l&#039;usuari (despr\u00e9s de llegir-lo), i en cas d&#039;estar conforme, pot acceptar marcant la casella que s&#039;ha incl\u00f2s a aquests efectes; i (ii) el consentiment lliure, informat i inequ\u00edvoc de l&#039;usuari, realitzat despr\u00e9s de revisar la present pol\u00edtica de privadesa on LERINVEST-INSURANCE SL informa el tractament que realitzar\u00e0 de les seves dades, i en cas d&#039;estar conforme, marcant la casella que s&#039;ha incl\u00f2s a aquests efectes al formulari de sol\u00b7licitud de serveis. El tractament de dades que no estigui cobert per alguna de les bases legals indicades anteriorment, ser\u00e0 realitzat si LERINVEST-INSURANCE SL ho considera necessari per protegir un inter\u00e8s leg\u00edtim i nom\u00e9s en cas que no contraurien els drets i llibertats fonamentals de l&#039;usuari.<\/p>\n\n\n\n<h2 class=\"wp-block-heading\">Caducitat \u2013 Per quant de temps els emmagatzemem?<\/h2>\n\n\n\n<p>Les dades seran destru\u00efdes o arxivades quan hagin deixat de ser estrictament necess\u00e0ries o pertinents als fins detallats a la Secci\u00f3 5 a dalt. En particular, les dades personals es conservaran mentre es trobe vigent la relaci\u00f3 comercial (i en la mesura que l&#039;usuari no hagi sol\u00b7licitat pr\u00e8viament la seva supressi\u00f3) i durant el termini durant el qual es puguin derivar obligacions, indemnitats i\/o responsabilitats sota la relaci\u00f3 comercial o pels serveis prestats.<br>LERINVEST-INSURANCE SL informa que retindr\u00e0 la informaci\u00f3 imprescindible per identificar l&#039;origen de les dades emmagatzemades durant el temps que duri la relaci\u00f3 del client amb LERINVEST-INSURANCE SL i\/o revocaci\u00f3 del consentiment per part de l&#039;usuari de conformitat amb all\u00f2 informat a la Secci\u00f3 5 d&#039;aquesta Pol\u00edtica de Privadesa i\/o el temps exigit per la llei aplicable.<\/p>\n\n\n\n<h2 class=\"wp-block-heading\">Confidencialitat \/ Cessi\u00f3 \/ Transfer\u00e8ncia Internacional \u2013 Revelem les dades a tercers?<\/h2>\n\n\n\n<p>LERINVEST-INSURANCE SL mantindr\u00e0 les dades personals demanades sota confid\u00e8ncia i reserva, i no usar\u00e0 les mateixes per a altres fins que no siguin les establertes a la Secci\u00f3 5 de la present. LERINVEST-INSURANCE SL requereix la signatura de convenis de confidencialitat i tractament de dades personals per part dels seus empleats i tercers que prestin serveis que accedeixin al contingut de les bases de dades (o inclou aquestes obligacions dins dels convenis de serveis que signa amb aquests prestadors conforme s&#039;indica al proper par\u00e0graf).<\/p>\n\n\n\n<p>Les dades personals de l&#039;usuari demanades per LERINVEST-INSURANCE SL no se cediran, vendran, intercanviaran, transmetran i\/o comunicaran a cap tercer ali\u00e8 a LERINVEST-INSURANCE SL sense el consentiment de l&#039;usuari, excepte obligaci\u00f3 legal i\/o amb el prop\u00f2sit de prestar serveis a l&#039;usuari. Aix\u00f2 no inclou certs empleats i prove\u00efdors de serveis que permeten a LERINVEST-INSURANCE SL mantenir operatiu el Lloc, donar compliment a les finalitats establertes a la Secci\u00f3 5 de la present i\/o prestar els serveis a l&#039;usuari, els que han assumit l&#039;obligaci\u00f3 de mantenir la confidencialitat de les dades subministrades i comprom\u00e8s el compliment de la normativa aplicable en mat\u00e8ria de protecci\u00f3 de dades personals, en el moment de la contractaci\u00f3. Els contractes amb els prestadors de serveis estipulen l&#039;objecte, abast, contingut, durada, naturalesa i finalitat del tractament de dades, el tipus de dades personals, les categories de titulars de les dades i les obligacions i responsabilitats de LERINVEST-INSURANCE SL i de els tercers contractats.<\/p>\n\n\n\n<p>En particular: LERINVEST-INSURANCE SL podr\u00e0 compartir la informaci\u00f3 personal subministrada amb les empreses controlants, afiliades, subsidi\u00e0ries, empreses vinculades i\/o intermediaris relacionats amb LERINVEST-INSURANCE SL.<\/p>\n\n\n\n<p><strong>LERINVEST-INSURANCE SL podr\u00e0 compartir certa informaci\u00f3 personal subministrada per l&#039;usuari internament dins de LERINVEST-INSURANCE SL, amb certs departaments, com ara administraci\u00f3, m\u00e0rqueting o IT.<\/strong><\/p>\n\n\n\n<p>**- En certs casos LERINVEST-INSURANCE SL transfereix dades personals basades en l&#039;inter\u00e8s leg\u00edtim i en els avantatges econ\u00f2mics i t\u00e8cnics associats amb l&#039;\u00fas de prove\u00efdors especialitzats. En aquest sentit: \u2013&nbsp;<strong>Mapes.<\/strong>&nbsp;LERINVEST-INSURANCE SL utilitza Google Maps per incloure mapes al Lloc. La integraci\u00f3 a Google Maps permet a Google recol\u00b7lectar l&#039;adre\u00e7a IP de l&#039;usuari. L&#039;usuari pot consultar la pol\u00edtica de privadesa i altres aspectes legals d&#039;aquesta companyia en el seg\u00fcent enlla\u00e7: http:\/\/www.google.com\/intl\/es\/policies\/privacy\/. **<\/p>\n\n\n\n<hr class=\"wp-block-separator has-alpha-channel-opacity\"\/>\n\n\n\n<p>Finalment, l&#039;usuari ha de saber que LERINVEST-INSURANCE SL podr\u00e0 (i que LERINVEST-INSURANCE SL es reserva el dret de) revelar la seva informaci\u00f3 en els casos seg\u00fcents: (i) si fos requerida per una autoritat judicial o administrativa; (ii) si fos necessari per tal d&#039;exercir els seus drets sota els Termes i Condicions de LERINVEST-INSURANCE SL i sota aquesta Pol\u00edtica de Privadesa; (iii) cas de ser necessari per complir amb la llei; (iv) si aquestes dades poden resultar \u00fatils per a la protecci\u00f3 de drets de tercers; (v) quan sigui \u00fatil per a la protecci\u00f3 dels drets, propietat o seguretat de LERINVEST-INSURANCE SL, els seus controlants, controlades, vinculades, directors, gerents, empleats, els usuaris o el p\u00fablic en general; i (vi) quan intervinguin raons fundades relatives a la seguretat p\u00fablica, la defensa nacional o la salut p\u00fablica.<\/p>\n\n\n\n<h2 class=\"wp-block-heading\">Seguretat \u2013 Com vetllem per la seguretat de les dades?<\/h2>\n\n\n\n<p>LERINVEST-INSURANCE SL declara la seva intenci\u00f3 d&#039;adoptar les mesures d&#039;\u00edndole t\u00e8cnica i organitzatives necess\u00e0ries per garantir la seguretat, integritat i confidencialitat de les dades d&#039;acord amb el que disposa el RGPD de manera d&#039;evitar la seva adulteraci\u00f3, p\u00e8rdua, consulta o tractament no autoritzat.<\/p>\n\n\n\n<p>LERINVEST-INSURANCE SL no garanteix privadesa absoluta en la utilitzaci\u00f3 del Lloc, ja que no s&#039;ha de descartar la possibilitat que tercers no autoritzats puguin tenir coneixement de la mateixa. L&#039;usuari reconeix que els mitjans t\u00e8cnics existents que brinden seguretat no s\u00f3n inexpugnables i que encara que s&#039;adoptin tots els col\u00b7lectes raonables de seguretat, \u00e9s possible patir manipulacions, destrucci\u00f3 i\/o p\u00e8rdua d&#039;informaci\u00f3. En cas de detectar-se un incident de seguretat i que aquest impliqui un risc significatiu per al titular de la dada, es comunicar\u00e0 sense dilaci\u00f3 aquest esdeveniment a lautoritat de contralor competent, juntament amb les mesures correctives i pal\u00b7liatives implementades i\/oa implementar.<\/p>\n\n\n\n<p>LERINVEST-INSURANCE SL no es responsabilitza de la p\u00e8rdua o esborrament de les dades per part dels usuaris. Aix\u00ed mateix, LERINVEST-INSURANCE SL no accepta cap responsabilitat pels possibles danys causats per virus inform\u00e0tics.<\/p>\n\n\n\n<p>Finalment, l&#039;usuari tamb\u00e9 haur\u00e0 de prendre mesures per protegir la informaci\u00f3. LERINVEST-INSURANCE SL us insisteix que preneu tota precauci\u00f3 per protegir la vostra informaci\u00f3 personal mentre sou a Internet. Com a m\u00ednim, se us aconsella que canvieu la vostra clau d&#039;acc\u00e9s peri\u00f2dicament, usant una combinaci\u00f3 de lletres i n\u00fameros i us assegureu que utilitzeu un navegador segur.<\/p>\n\n\n\n<h2 class=\"wp-block-heading\">Drets dels titulars de les dades i procediments per respondre al seu exercici \u2013 Quins drets tinc com a titular de les dades?<\/h2>\n\n\n\n<p>L&#039;usuari titular de les dades podr\u00e0 en qualsevol moment exercitar els drets d&#039;acc\u00e9s, rectificaci\u00f3, cancel\u00b7laci\u00f3, oposici\u00f3, limitaci\u00f3 de tractament, portabilitat, confidencialitat i supressi\u00f3 respecte de les dades personals, de conformitat amb el que preveuen els articles 15 i seg\u00fcents del RGPD , segons correspongui. L&#039;exercici d&#039;aquests drets el pot fer el propi usuari a trav\u00e9s d&#039;un email dirigit a info@lerinvest.net, o mitjan\u00e7ant comunicaci\u00f3 escrita dirigida al Delegat de Protecci\u00f3 de Dades a la seg\u00fcent adre\u00e7a info@lerinvest.net, o b\u00e9 per qualsevol dels m\u00e8todes previstos a la normativa aplicable referenciada a dalt. LERINVEST-INSURANCE SL pot sol\u00b7licitar les dades necess\u00e0ries per validar la identificaci\u00f3 del titular de les dades.<\/p>\n\n\n\n<p>La supressi\u00f3 d&#039;algunes dades no \u00e9s procedent quan pogu\u00e9s causar perjudicis a drets o interessos leg\u00edtims de tercers, o quan exist\u00eds una obligaci\u00f3 legal de conservar les dades.<\/p>\n\n\n\n<h2 class=\"wp-block-heading\">Designaci\u00f3 d&#039;un delegat de protecci\u00f3 de dades<\/h2>\n\n\n\n<p>LERINVEST-INSURANCE SL ha designat delegat de l&#039;aplicaci\u00f3 i control de la present Pol\u00edtica de Privadesa i la relaci\u00f3 amb l&#039;autoritat d&#039;aplicaci\u00f3, LERINVEST-INSURANCE SL a qui es pot contactar mitjan\u00e7ant els mitjans seg\u00fcents:<\/p>\n\n\n\n<ul class=\"wp-block-list\">\n<li>Correu electr\u00f2nic: info@lerinvest.net<\/li>\n\n\n\n<li>Tel\u00e8fon: +34 973 264 222<\/li>\n<\/ul>\n\n\n\n<h2 class=\"wp-block-heading\">Capacitaci\u00f3 \u2013 Ens capacitem?<\/h2>\n\n\n\n<p>El personal de LERINVEST-INSURANCE SL les funcions del qual estan relacionades amb el tractament de dades personals \u00e9s capacitat per tal de garantir una millor protecci\u00f3 de les dades personals i els drets dels seus titulars.<\/p>\n\n\n\n<h2 class=\"wp-block-heading\">Enlla\u00e7os a tercers \u2013 El nostre Lloc cont\u00e9 enlla\u00e7os a altres llocs?<\/h2>\n\n\n\n<p>El Lloc pot contenir enlla\u00e7os a llocs de tercers, amb o sense contingut publicitari, les pol\u00edtiques de privadesa dels quals s\u00f3n alienes a LERINVEST-INSURANCE SL. Els llocs enlla\u00e7ats no tenen relaci\u00f3 amb LERINVEST-INSURANCE SL i, la seva exist\u00e8ncia de cap manera pressuposa que hi hagi alguna classe de suggeriment, invitaci\u00f3 o recomanaci\u00f3 per a la visita dels llocs de destinaci\u00f3 o cap mena d&#039;enlla\u00e7 o associaci\u00f3 entre LERINVEST-INSURANCE SL i aquests llocs. LERINVEST-INSURANCE SL no es responsabilitza ni respondr\u00e0 pels continguts, \u00fas i activitats d&#039;aquests llocs web enlla\u00e7ats, ni pels danys i perjudicis, ja siguin actuals o eventuals, materials o morals, directes o indirectes, que pateixin els usuaris i que es derivaran de la informaci\u00f3 continguda en aquests llocs o de la relaci\u00f3 que els usuaris poguessin entaular amb tercers els serveis dels quals hagin estat publicats al Lloc. Sense perjudici de l&#039;anterior, qualsevol comentari sobre aquests llocs web enlla\u00e7ats ser\u00e0 \u00fatil per a LERINVEST-INSURANCE SL a fi de millorar els serveis i\/o assegurar la integritat del Lloc. LERINVEST-INSURANCE SL es compromet a fer el possible per evitar l&#039;exist\u00e8ncia al Lloc d&#039;enlla\u00e7os a llocs de contingut il\u00b7legal.<\/p>\n\n\n\n<h2 class=\"wp-block-heading\">Cookies \u2013 Utilitzem cookies?<\/h2>\n\n\n\n<p>Quan l&#039;usuari ingressa al Lloc, LERINVEST-INSURANCE SL pot emmagatzemar alguna informaci\u00f3 al vostre ordinador sota la forma d&#039;una \u201ccookie\u201d o fitxer similar. El Lloc utilitza cookies per (i) fer un seguiment de la publicitat, (ii) recopilar dades sobre el tr\u00e0nsit del Lloc, i (iii) millorar l&#039;experi\u00e8ncia dels usuaris en utilitzar el Lloc.<\/p>\n\n\n\n<p>L&#039;usuari ha de saber que per navegar pel Lloc, no cal que l&#039;usuari permeti la instal\u00b7laci\u00f3 de les cookies enviades pel Lloc. Aix\u00f2 nom\u00e9s es podr\u00e0 requerir en relaci\u00f3 amb certs serveis. L&#039;usuari pot esborrar les cookies del disc r\u00edgid del vostre ordinador, impedir l&#039;acc\u00e9s al vostre ordinador ja sigui a trav\u00e9s del vostre navegador o mitjan\u00e7ant l&#039;elecci\u00f3 de l&#039;opci\u00f3 corresponent quan se us consulta sobre la possibilitat d&#039;utilitzar les cookies per a aquests fins i de conformitat amb la Pol\u00edtica de Cookies de LERINVEST-INSURANCE SL.<\/p>\n\n\n\n<p>Les cookies s\u00f3n fitxers d&#039;informacions que un lloc web o el prove\u00efdor de certs serveis del lloc transfereix al disc dur de l&#039;ordinador de l&#039;usuari per mitj\u00e0 del programa navegador. Les cookies per si mateixes no poden identificar de manera personal l&#039;usuari (encara que s\u00ed que poden contenir l&#039;adre\u00e7a IP de l&#039;usuari) per\u00f2 els permeten recon\u00e8ixer el navegador de l&#039;usuari, i capturar i emmagatzemar certes dades (sistema operatiu de l&#039;usuari, nom de domini del lloc web des del qual es va vincular amb el Lloc, entre d&#039;altres). LERINVEST-INSURANCE SL es reserva el dret de contractar els serveis de tercers per analitzar i comprendre els usuaris del Lloc, els qui no podran utilitzar la informaci\u00f3 recopilada per a altres fins que no siguin millorar els serveis de LERINVEST-INSURANCE SL.<\/p>\n\n\n\n<h2 class=\"wp-block-heading\">Acceptaci\u00f3<\/h2>\n\n\n\n<p>L&#039;\u00fas del Lloc per l&#039;usuari implica el coneixement i plena acceptaci\u00f3 de la Pol\u00edtica de Privadesa de LERINVEST-INSURANCE SL i els Termes i Condicions de LERINVEST-INSURANCE SL en cas de tenir. Aix\u00ed mateix, l&#039;usuari accepta la Pol\u00edtica de Privadesa de LERINVEST-INSURANCE SL i els Termes i Condicions de LERINVEST-INSURANCE SL en completar la sol\u00b7licitud de serveis.<\/p>\n\n\n\n<h2 class=\"wp-block-heading\">Modificacions \u2013 \u00c9s aquesta la versi\u00f3 m\u00e9s actual?<\/h2>\n\n\n\n<p>Aquesta \u00e9s la versi\u00f3 vigent de la Pol\u00edtica de Privadesa de LERINVEST-INSURANCE SL, actualitzada el 26 de maig, 2023.<\/p>\n\n\n\n<p>LERINVEST-INSURANCE SL podr\u00e0 en qualsevol moment i sense necessitat de previ av\u00eds modificar aquesta Pol\u00edtica de Privadesa. Aquestes modificacions seran operatives a partir de la seva publicaci\u00f3 al Lloc o des que siguin notificades als usuaris per qualsevol mitj\u00e0, cosa que passi primer. L&#039;usuari haur\u00e0 de mantenir-se informat quant als termes aqu\u00ed inclosos ingressant de forma peri\u00f2dica.<\/p>","protected":false},"excerpt":{"rendered":"<p>Objeto La presente pol\u00edtica se aplica a todo tratamiento de datos personales que realice LERINVEST-INSURANCE SL, y tiene el objetivo de informar al usuario respecto de la forma en que LERINVEST-INSURANCE SL realiza el tratamiento de los datos personales (incluyendo detalle del tipo de datos personales recabados y la finalidad del tratamiento) y respecto de [&hellip;]<\/p>\n","protected":false},"author":2,"featured_media":0,"parent":0,"menu_order":0,"comment_status":"closed","ping_status":"open","template":"","meta":{"_joinchat":[],"footnotes":""},"class_list":["post-3","page","type-page","status-publish","hentry"],"_links":{"self":[{"href":"https:\/\/lerinvest.net\/ca\/wp-json\/wp\/v2\/pages\/3","targetHints":{"allow":["GET"]}}],"collection":[{"href":"https:\/\/lerinvest.net\/ca\/wp-json\/wp\/v2\/pages"}],"about":[{"href":"https:\/\/lerinvest.net\/ca\/wp-json\/wp\/v2\/types\/page"}],"author":[{"embeddable":true,"href":"https:\/\/lerinvest.net\/ca\/wp-json\/wp\/v2\/users\/2"}],"replies":[{"embeddable":true,"href":"https:\/\/lerinvest.net\/ca\/wp-json\/wp\/v2\/comments?post=3"}],"version-history":[{"count":1,"href":"https:\/\/lerinvest.net\/ca\/wp-json\/wp\/v2\/pages\/3\/revisions"}],"predecessor-version":[{"id":535,"href":"https:\/\/lerinvest.net\/ca\/wp-json\/wp\/v2\/pages\/3\/revisions\/535"}],"wp:attachment":[{"href":"https:\/\/lerinvest.net\/ca\/wp-json\/wp\/v2\/media?parent=3"}],"curies":[{"name":"wp","href":"https:\/\/api.w.org\/{rel}","templated":true}]}}